{"id":1201,"date":"2026-03-01T00:38:05","date_gmt":"2026-02-28T23:38:05","guid":{"rendered":"http:\/\/fg-environnement.fr\/?page_id=1201"},"modified":"2026-03-01T00:38:05","modified_gmt":"2026-02-28T23:38:05","slug":"accueil","status":"publish","type":"page","link":"https:\/\/fg-environnement.fr\/","title":{"rendered":"Accueil"},"content":{"rendered":"\n<div class=\"wp-block-cover alignfull is-dark\" style=\"min-height:500px;aspect-ratio:unset;\">\n<span aria-hidden=\"true\" class=\"wp-block-cover__background has-background-dim-100 has-background-dim\" style=\"background-color:#5B7038\"><\/span>\n<div class=\"wp-block-cover__inner-container is-layout-flow wp-block-cover-is-layout-flow\">\n\n\n<h1 class=\"wp-block-heading has-text-align-center has-text-color\" style=\"color:#ffffff\" id=\"accueil\">De la conception paysag\u00e8re<br>\u00e0 l&rsquo;entretien personnalis\u00e9<\/h1>\n\n\n\n<hr class=\"wp-block-separator has-text-color has-alpha-channel-opacity has-background is-style-wide\" style=\"background-color:#ffffff;color:#ffffff\"\/>\n\n\n\n<div class=\"wp-block-columns alignwide is-layout-flex wp-container-core-columns-is-layout-28f84493 wp-block-columns-is-layout-flex\">\n\n\n<div class=\"wp-block-column is-layout-flow wp-block-column-is-layout-flow\">\n\n<figure class=\"wp-block-image size-large has-custom-border\"><img decoding=\"async\" src=\"https:\/\/fg-environnement.fr\/wp-content\/themes\/fg-environnement\/assets\/images\/hero-jardin-1.jpg\" alt=\"Topiaires et entr\u00e9e de jardin paysager\" style=\"border-color:#ffffff80;border-width:3px;border-radius:4px\"\/><\/figure>\n\n<\/div>\n\n\n\n<div class=\"wp-block-column is-layout-flow wp-block-column-is-layout-flow\">\n\n<figure class=\"wp-block-image size-large has-custom-border\"><img decoding=\"async\" src=\"https:\/\/fg-environnement.fr\/wp-content\/themes\/fg-environnement\/assets\/images\/hero-jardin-2.jpg\" alt=\"Jardin exotique avec bambous et bananier\" style=\"border-color:#ffffff80;border-width:3px;border-radius:4px\"\/><\/figure>\n\n<\/div>\n\n\n\n<div class=\"wp-block-column is-layout-flow wp-block-column-is-layout-flow\">\n\n<figure class=\"wp-block-image size-large has-custom-border\"><img decoding=\"async\" src=\"https:\/\/fg-environnement.fr\/wp-content\/themes\/fg-environnement\/assets\/images\/hero-jardin-3.jpg\" alt=\"Topiaire en spirale dans un jardin paysager\" style=\"border-color:#ffffff80;border-width:3px;border-radius:4px\"\/><\/figure>\n\n<\/div>\n\n\n<\/div>\n\n\n<\/div>\n<\/div>\n\n\n\n<div class=\"wp-block-group alignfull is-layout-constrained wp-container-core-group-is-layout-b25e98d3 wp-block-group-is-layout-constrained\" style=\"padding-top:60px;padding-bottom:60px\">\n\n\n<p class=\"has-text-align-center\" style=\"font-size:1.1rem;line-height:1.8\">Fr\u00e9d\u00e9ric vous propose de mettre \u00e0 votre service son savoir-faire professionnel dans l&rsquo;am\u00e9nagement des espaces verts. Riche d&rsquo;une exp\u00e9rience de 20 ans, il sera \u00e0 votre \u00e9coute pour vous accompagner dans votre projet ou vous conseiller dans l&rsquo;entretien et l&rsquo;implantation de votre jardin.<\/p>\n\n\n\n<div class=\"wp-block-buttons is-content-justification-center is-layout-flex wp-container-core-buttons-is-layout-a89b3969 wp-block-buttons-is-layout-flex\">\n\n\n<div class=\"wp-block-button is-style-outline is-style-outline--1\"><a class=\"wp-block-button__link has-text-color has-background wp-element-button\" href=\"#contact\" style=\"color:#ffffff;background-color:#4A5D23\">Nous contacter<\/a><\/div>\n\n\n\n<div class=\"wp-block-button\"><a class=\"wp-block-button__link has-text-color has-background wp-element-button\" href=\"tel:+33674077251\" style=\"color:#ffffff;background-color:#C4A35A\">06 74 07 72 51<\/a><\/div>\n\n\n<\/div>\n\n\n<\/div>\n\n\n\n<div class=\"wp-block-group alignfull fge-services-section has-white-color has-text-color has-background is-layout-flow wp-block-group-is-layout-flow\" style=\"background-color:#5B7038;padding-top:80px;padding-bottom:80px\" id=\"services\">\n\n\n<h2 class=\"wp-block-heading has-text-align-center has-text-color\" style=\"color:#ffffff99\">Nos services<\/h2>\n\n\n\n<div style=\"height:40px\" aria-hidden=\"true\" class=\"wp-block-spacer\"><\/div>\n\n\n\n<div class=\"wp-block-columns alignwide is-layout-flex wp-container-core-columns-is-layout-9cf8123d wp-block-columns-is-layout-flex\">\n\n<div class=\"wp-block-column is-layout-flow wp-block-column-is-layout-flow\">\n\n<h3 class=\"wp-block-heading fge-service-number has-text-color\" style=\"color:#ffffff99\">01<\/h3>\n\n\n<h4 class=\"wp-block-heading has-text-color\" style=\"color:#ffffff\">Entretien personnalis\u00e9<\/h4>\n\n\n<p class=\"has-text-color\" style=\"color:#ffffffdd\">Nous vous proposons nos services pour un entretien personnalis\u00e9 de votre jardin, conseils d&#8217;embellissement, entretien et taille de haie, tonte de gazon, pose de gazon en rouleaux, cr\u00e9ation d&rsquo;une pelouse. Nous nous impliquons avec \u00e9thique pour vous conseiller, en accord avec les changements du climat ainsi que les particularit\u00e9s de la nature de vos sols.<\/p>\n\n<\/div>\n\n\n<div class=\"wp-block-column is-layout-flow wp-block-column-is-layout-flow\">\n\n<figure class=\"wp-block-image size-large has-custom-border\"><img decoding=\"async\" src=\"https:\/\/fg-environnement.fr\/wp-content\/themes\/fg-environnement\/assets\/images\/hero-jardin-3.jpg\" alt=\"Entretien de jardin - topiaire\" style=\"border-color:#ffffff33;border-width:3px;border-radius:4px\"\/><\/figure>\n\n<\/div>\n\n<\/div>\n\n\n\n<div style=\"height:60px\" aria-hidden=\"true\" class=\"wp-block-spacer\"><\/div>\n\n\n\n<div class=\"wp-block-columns alignwide is-layout-flex wp-container-core-columns-is-layout-9cf8123d wp-block-columns-is-layout-flex\">\n\n<div class=\"wp-block-column is-layout-flow wp-block-column-is-layout-flow\">\n\n<figure class=\"wp-block-image size-large has-custom-border\"><img decoding=\"async\" src=\"https:\/\/fg-environnement.fr\/wp-content\/themes\/fg-environnement\/assets\/images\/amenagement-1.jpg\" alt=\"Cr\u00e9ation de massifs et plantations\" style=\"border-color:#ffffff33;border-width:3px;border-radius:4px\"\/><\/figure>\n\n<\/div>\n\n\n<div class=\"wp-block-column is-layout-flow wp-block-column-is-layout-flow\">\n\n<h3 class=\"wp-block-heading fge-service-number has-text-color\" style=\"color:#ffffff99\">02<\/h3>\n\n\n<h4 class=\"wp-block-heading has-text-color\" style=\"color:#ffffff\">Cr\u00e9ation &amp; am\u00e9nagement paysager<\/h4>\n\n\n<p class=\"has-text-color\" style=\"color:#ffffffdd\">Pour vos projets de cr\u00e9ations et d&rsquo;am\u00e9nagements paysager, nous vous proposons des solutions sur mesure et un accompagnement personnalis\u00e9. En choisissant des plantes durables, des textures vari\u00e9es et des couleurs qui \u00e9voluent au fil des saisons. Pour un r\u00e9sultat en accord avec vos envies.<\/p>\n\n<\/div>\n\n<\/div>\n\n\n\n<div style=\"height:60px\" aria-hidden=\"true\" class=\"wp-block-spacer\"><\/div>\n\n\n\n<div class=\"wp-block-columns alignwide is-layout-flex wp-container-core-columns-is-layout-9cf8123d wp-block-columns-is-layout-flex\">\n\n<div class=\"wp-block-column is-layout-flow wp-block-column-is-layout-flow\">\n\n<h3 class=\"wp-block-heading fge-service-number has-text-color\" style=\"color:#ffffff99\">03<\/h3>\n\n\n<h4 class=\"wp-block-heading has-text-color\" style=\"color:#ffffff\">Ma\u00e7onnerie paysag\u00e8re<\/h4>\n\n\n<p class=\"has-text-color\" style=\"color:#ffffffdd\">Nous vous accompagnons dans la r\u00e9fection de cours, parking et all\u00e9es min\u00e9rales. Nous intervenons \u00e9ventuellement avec des engins de terrassement pour des chantiers volumineux. Nous avons \u00e0 notre disposition un stock de graviers cons\u00e9quent afin de satisfaire vos envies.<\/p>\n\n<\/div>\n\n\n<div class=\"wp-block-column is-layout-flow wp-block-column-is-layout-flow\">\n\n<figure class=\"wp-block-image size-large has-custom-border\"><img decoding=\"async\" src=\"https:\/\/fg-environnement.fr\/wp-content\/themes\/fg-environnement\/assets\/images\/maconnerie-1.jpg\" alt=\"R\u00e9fection all\u00e9e en graviers\" style=\"border-color:#ffffff33;border-width:3px;border-radius:4px\"\/><\/figure>\n\n<\/div>\n\n<\/div>\n\n\n\n<div style=\"height:60px\" aria-hidden=\"true\" class=\"wp-block-spacer\"><\/div>\n\n\n\n<div class=\"wp-block-columns alignwide is-layout-flex wp-container-core-columns-is-layout-9cf8123d wp-block-columns-is-layout-flex\">\n\n<div class=\"wp-block-column is-layout-flow wp-block-column-is-layout-flow\">\n\n<figure class=\"wp-block-image size-large has-custom-border\"><img decoding=\"async\" src=\"https:\/\/fg-environnement.fr\/wp-content\/themes\/fg-environnement\/assets\/images\/elagage-1.jpg\" alt=\"\u00c9lagage et abattage d'arbres\" style=\"border-color:#ffffff33;border-width:3px;border-radius:4px\"\/><\/figure>\n\n<\/div>\n\n\n<div class=\"wp-block-column is-layout-flow wp-block-column-is-layout-flow\">\n\n<h3 class=\"wp-block-heading fge-service-number has-text-color\" style=\"color:#ffffff99\">04<\/h3>\n\n\n<h4 class=\"wp-block-heading has-text-color\" style=\"color:#ffffff\">\u00c9lagage &amp; abattage<\/h4>\n\n\n<p class=\"has-text-color\" style=\"color:#ffffffdd\">\u00c9lagage et abattage d&rsquo;arbre, rognage de souches. Nous intervenons avec le mat\u00e9riel adapt\u00e9 et dans le respect des normes de s\u00e9curit\u00e9 pour tous vos travaux d&rsquo;\u00e9lagage.<\/p>\n\n<\/div>\n\n<\/div>\n\n\n<\/div>\n\n\n\n<div class=\"wp-block-group alignfull has-background is-layout-constrained wp-container-core-group-is-layout-8bb4f792 wp-block-group-is-layout-constrained\" style=\"background-color:#F9F7F4;padding-top:80px;padding-bottom:80px\" id=\"realisations\">\n\n\n<h2 class=\"wp-block-heading has-text-align-center has-text-color\" style=\"color:#4A5D23\">Nos services de paysagistes<br>dans le sud Seine-et-Marne<\/h2>\n\n\n\n<p class=\"has-text-align-center has-text-color\" style=\"color:#666666\">Nous intervenons dans tout le sud Seine-et-Marne et ses environs pour tous vos projets d&rsquo;am\u00e9nagement paysager, d&rsquo;entretien de jardins, de ma\u00e7onnerie paysag\u00e8re et d&rsquo;\u00e9lagage.<\/p>\n\n\n<\/div>\n\n\n\n<div class=\"wp-block-group alignfull is-layout-constrained wp-container-core-group-is-layout-ee50be59 wp-block-group-is-layout-constrained\" style=\"padding-top:80px;padding-bottom:80px\" id=\"contact\">\n\n\n<h2 class=\"wp-block-heading has-text-align-center has-text-color\" style=\"color:#4A5D23\">Nous contacter<\/h2>\n\n\n\n<p class=\"has-text-align-center has-text-color\" style=\"color:#666666;font-size:1.1rem\">Demandez votre devis gratuit<\/p>\n\n\n\n<div style=\"height:30px\" aria-hidden=\"true\" class=\"wp-block-spacer\"><\/div>\n\n\n\n<div class=\"wp-block-columns is-layout-flex wp-container-core-columns-is-layout-28f84493 wp-block-columns-is-layout-flex\">\n\n\n<div class=\"wp-block-column is-layout-flow wp-block-column-is-layout-flow\">\n\n<div class=\"wp-block-group has-background is-layout-constrained wp-container-core-group-is-layout-287dccaf wp-block-group-is-layout-constrained\" style=\"border-left-color:#556B2F;border-left-width:4px;background-color:#F9F7F4;padding-top:20px;padding-right:24px;padding-bottom:20px;padding-left:24px\">\n\n<p class=\"has-text-color\" style=\"color:#666666;font-size:0.85rem;text-transform:uppercase;letter-spacing:1px\"><strong>T\u00e9l\u00e9phone<\/strong><\/p>\n\n\n<p class=\"has-text-color\" style=\"color:#4A5D23;font-size:1.2rem;font-style:normal;font-weight:600\"><a href=\"tel:+33674077251\">06 74 07 72 51<\/a><\/p>\n\n<\/div>\n\n\n\n<div style=\"height:20px\" aria-hidden=\"true\" class=\"wp-block-spacer\"><\/div>\n\n\n\n<div class=\"wp-block-group has-background is-layout-constrained wp-container-core-group-is-layout-287dccaf wp-block-group-is-layout-constrained\" style=\"border-left-color:#556B2F;border-left-width:4px;background-color:#F9F7F4;padding-top:20px;padding-right:24px;padding-bottom:20px;padding-left:24px\">\n\n<p class=\"has-text-color\" style=\"color:#666666;font-size:0.85rem;text-transform:uppercase;letter-spacing:1px\"><strong>Zone d&rsquo;intervention<\/strong><\/p>\n\n\n<p class=\"has-text-color\" style=\"color:#333333\">Sud Seine-et-Marne (77)<\/p>\n\n<\/div>\n\n\n\n<div style=\"height:20px\" aria-hidden=\"true\" class=\"wp-block-spacer\"><\/div>\n\n\n\n<div class=\"wp-block-buttons is-content-justification-left is-layout-flex wp-container-core-buttons-is-layout-fc4fd283 wp-block-buttons-is-layout-flex\">\n\n<div class=\"wp-block-button is-style-fill\"><a class=\"wp-block-button__link has-text-color has-background wp-element-button\" href=\"tel:+33674077251\" style=\"color:#ffffff;background-color:#C4A35A\">Devis gratuit &#8211; 06 74 07 72 51<\/a><\/div>\n\n<\/div>\n\n<\/div>\n\n\n\n<div class=\"wp-block-column is-layout-flow wp-block-column-is-layout-flow\">\n\n<p class=\"has-text-color\" style=\"color:#666666\">Pour toute demande de devis ou d&rsquo;information, n&rsquo;h\u00e9sitez pas \u00e0 nous contacter par t\u00e9l\u00e9phone. Nous vous r\u00e9pondrons dans les plus brefs d\u00e9lais.<\/p>\n\n\n<p class=\"has-text-color\" style=\"color:#666666\">Vous pouvez \u00e9galement installer le plugin <strong>Contact Form 7<\/strong> ou <strong>WPForms<\/strong> pour ajouter un formulaire de contact ici via un shortcode.<\/p>\n\n<\/div>\n\n\n<\/div>\n\n\n<\/div>\n","protected":false},"excerpt":{"rendered":"<p>Fr\u00e9d\u00e9ric vous propose de mettre \u00e0 votre service son savoir-faire professionnel dans l&rsquo;am\u00e9nagement des espaces verts. Riche d&rsquo;une exp\u00e9rience de [&hellip;]<\/p>\n","protected":false},"author":1,"featured_media":0,"parent":0,"menu_order":0,"comment_status":"closed","ping_status":"closed","template":"","meta":{"site-sidebar-layout":"no-sidebar","site-content-layout":"page-builder","ast-site-content-layout":"full-width-container","site-content-style":"default","site-sidebar-style":"default","ast-global-header-display":"","ast-banner-title-visibility":"","ast-main-header-display":"","ast-hfb-above-header-display":"","ast-hfb-below-header-display":"","ast-hfb-mobile-header-display":"","site-post-title":"","ast-breadcrumbs-content":"","ast-featured-img":"","footer-sml-layout":"","ast-disable-related-posts":"","theme-transparent-header-meta":"disabled","adv-header-id-meta":"","stick-header-meta":"","header-above-stick-meta":"","header-main-stick-meta":"","header-below-stick-meta":"","astra-migrate-meta-layouts":"default","ast-page-background-enabled":"default","ast-page-background-meta":{"desktop":{"background-color":"var(--ast-global-color-5)","background-image":"","background-repeat":"repeat","background-position":"center center","background-size":"auto","background-attachment":"scroll","background-type":"","background-media":"","overlay-type":"","overlay-color":"","overlay-opacity":"","overlay-gradient":""},"tablet":{"background-color":"","background-image":"","background-repeat":"repeat","background-position":"center center","background-size":"auto","background-attachment":"scroll","background-type":"","background-media":"","overlay-type":"","overlay-color":"","overlay-opacity":"","overlay-gradient":""},"mobile":{"background-color":"","background-image":"","background-repeat":"repeat","background-position":"center center","background-size":"auto","background-attachment":"scroll","background-type":"","background-media":"","overlay-type":"","overlay-color":"","overlay-opacity":"","overlay-gradient":""}},"ast-content-background-meta":{"desktop":{"background-color":"var(--ast-global-color-4)","background-image":"","background-repeat":"repeat","background-position":"center center","background-size":"auto","background-attachment":"scroll","background-type":"","background-media":"","overlay-type":"","overlay-color":"","overlay-opacity":"","overlay-gradient":""},"tablet":{"background-color":"var(--ast-global-color-4)","background-image":"","background-repeat":"repeat","background-position":"center center","background-size":"auto","background-attachment":"scroll","background-type":"","background-media":"","overlay-type":"","overlay-color":"","overlay-opacity":"","overlay-gradient":""},"mobile":{"background-color":"var(--ast-global-color-4)","background-image":"","background-repeat":"repeat","background-position":"center center","background-size":"auto","background-attachment":"scroll","background-type":"","background-media":"","overlay-type":"","overlay-color":"","overlay-opacity":"","overlay-gradient":""}},"footnotes":""},"class_list":["post-1201","page","type-page","status-publish","hentry"],"_links":{"self":[{"href":"https:\/\/fg-environnement.fr\/index.php?rest_route=\/wp\/v2\/pages\/1201","targetHints":{"allow":["GET"]}}],"collection":[{"href":"https:\/\/fg-environnement.fr\/index.php?rest_route=\/wp\/v2\/pages"}],"about":[{"href":"https:\/\/fg-environnement.fr\/index.php?rest_route=\/wp\/v2\/types\/page"}],"author":[{"embeddable":true,"href":"https:\/\/fg-environnement.fr\/index.php?rest_route=\/wp\/v2\/users\/1"}],"replies":[{"embeddable":true,"href":"https:\/\/fg-environnement.fr\/index.php?rest_route=%2Fwp%2Fv2%2Fcomments&post=1201"}],"version-history":[{"count":0,"href":"https:\/\/fg-environnement.fr\/index.php?rest_route=\/wp\/v2\/pages\/1201\/revisions"}],"wp:attachment":[{"href":"https:\/\/fg-environnement.fr\/index.php?rest_route=%2Fwp%2Fv2%2Fmedia&parent=1201"}],"curies":[{"name":"wp","href":"https:\/\/api.w.org\/{rel}","templated":true}]}}